{"id":7228,"date":"2016-09-28T15:16:24","date_gmt":"2016-09-28T15:16:24","guid":{"rendered":"http:\/\/stock-konstruktion.info\/?page_id=7228"},"modified":"2020-04-21T12:16:06","modified_gmt":"2020-04-21T12:16:06","slug":"mentions-legales","status":"publish","type":"page","link":"https:\/\/stock-konstruktion.info\/fr\/mentions-legales\/","title":{"rendered":"Mentions l\u00e9gales"},"content":{"rendered":"<p>Stock Konstruktion GmbH<br \/>\nMachines d`optique \/\u00a0 Installations de nettoyage aux ultrasons<br \/>\nAm Stollenbach 7-9<br \/>\n65623 Schiesheim-Zollhaus . Germany<\/p>\n<p>Tel:\u00a0 +49 (0) 6430 92391-0<br \/>\nFax: +49 (0) 6430 92391-99<br \/>\nNum\u00e9ro d&#8217;identification fiscale: 30\/650\/1328\/3<br \/>\nLa taxe de vente num\u00e9ro d&#8217;identit\u00e9: DE813639280<\/p>\n<p>Enregistr\u00e9 au tribunal de district de Montabaur<br \/>\n6 HRB 7172<br \/>\nDirecteur: Thomas M\u00fcnch<\/p>\n<p>Internet: www.stock-konstruktion.de<br \/>\nE-Mail: info@stock-konstruktion.de<\/p>\n<p>Fotos: <a href=\"http:\/\/www.jakobkaliszewski.de\/\">www.jakobkaliszewski.de<\/a><\/p>\n<p>Malgr\u00e9 un contr\u00f4le minutieux, nous d\u00e9clinons toute responsabilit\u00e9 pour le contenu des liens externes.<br \/>\nLes op\u00e9rateurs sont exclusivement responsables du contenu des pages li\u00e9es.<\/p>\n","protected":false},"excerpt":{"rendered":"<p>Stock Konstruktion GmbH Machines d`optique \/\u00a0 Installations de nettoyage aux ultrasons Am Stollenbach 7-9 65623 Schiesheim-Zollhaus . Germany Tel:\u00a0 +49 (0) 6430 92391-0 Fax: +49 (0) 6430 92391-99 Num\u00e9ro d&#8217;identification fiscale: 30\/650\/1328\/3 La taxe de vente num\u00e9ro d&#8217;identit\u00e9: DE813639280 Enregistr\u00e9 au tribunal de district de Montabaur 6 HRB 7172 Directeur: Thomas M\u00fcnch Internet: www.stock-konstruktion.de E-Mail:&#8230;<\/p>\n","protected":false},"author":1,"featured_media":0,"parent":0,"menu_order":0,"comment_status":"closed","ping_status":"closed","template":"","meta":{"_crdt_document":"","footnotes":""},"class_list":["post-7228","page","type-page","status-publish","hentry"],"yoast_head":"<!-- This site is optimized with the Yoast SEO plugin v26.0 - https:\/\/yoast.com\/wordpress\/plugins\/seo\/ -->\n<title>Mentions l\u00e9gales - Stock Konstruktion GmbH<\/title>\n<meta name=\"robots\" content=\"index, follow, max-snippet:-1, max-image-preview:large, max-video-preview:-1\" \/>\n<link rel=\"canonical\" href=\"https:\/\/stock-konstruktion.info\/fr\/mentions-legales\/\" \/>\n<meta property=\"og:locale\" content=\"fr_FR\" \/>\n<meta property=\"og:type\" content=\"article\" \/>\n<meta property=\"og:title\" content=\"Mentions l\u00e9gales - Stock Konstruktion GmbH\" \/>\n<meta property=\"og:description\" content=\"Stock Konstruktion GmbH Machines d`optique \/\u00a0 Installations de nettoyage aux ultrasons Am Stollenbach 7-9 65623 Schiesheim-Zollhaus . Germany Tel:\u00a0 +49 (0) 6430 92391-0 Fax: +49 (0) 6430 92391-99 Num\u00e9ro d&#8217;identification fiscale: 30\/650\/1328\/3 La taxe de vente num\u00e9ro d&#8217;identit\u00e9: DE813639280 Enregistr\u00e9 au tribunal de district de Montabaur 6 HRB 7172 Directeur: Thomas M\u00fcnch Internet: www.stock-konstruktion.de E-Mail:...\" \/>\n<meta property=\"og:url\" content=\"https:\/\/stock-konstruktion.info\/fr\/mentions-legales\/\" \/>\n<meta property=\"og:site_name\" content=\"Stock Konstruktion GmbH\" \/>\n<meta property=\"article:publisher\" content=\"https:\/\/www.facebook.com\/Stock-Konstruktion-GmbH-981292398643785\" \/>\n<meta property=\"article:modified_time\" content=\"2020-04-21T12:16:06+00:00\" \/>\n<meta name=\"twitter:card\" content=\"summary_large_image\" \/>\n<script type=\"application\/ld+json\" class=\"yoast-schema-graph\">{\"@context\":\"https:\/\/schema.org\",\"@graph\":[{\"@type\":\"WebPage\",\"@id\":\"https:\/\/stock-konstruktion.info\/fr\/mentions-legales\/\",\"url\":\"https:\/\/stock-konstruktion.info\/fr\/mentions-legales\/\",\"name\":\"Mentions l\u00e9gales - Stock Konstruktion GmbH\",\"isPartOf\":{\"@id\":\"https:\/\/stock-konstruktion.info\/#website\"},\"datePublished\":\"2016-09-28T15:16:24+00:00\",\"dateModified\":\"2020-04-21T12:16:06+00:00\",\"breadcrumb\":{\"@id\":\"https:\/\/stock-konstruktion.info\/fr\/mentions-legales\/#breadcrumb\"},\"inLanguage\":\"fr-FR\",\"potentialAction\":[{\"@type\":\"ReadAction\",\"target\":[\"https:\/\/stock-konstruktion.info\/fr\/mentions-legales\/\"]}]},{\"@type\":\"BreadcrumbList\",\"@id\":\"https:\/\/stock-konstruktion.info\/fr\/mentions-legales\/#breadcrumb\",\"itemListElement\":[{\"@type\":\"ListItem\",\"position\":1,\"name\":\"Startseite\",\"item\":\"https:\/\/stock-konstruktion.info\/fr\/\"},{\"@type\":\"ListItem\",\"position\":2,\"name\":\"Mentions l\u00e9gales\"}]},{\"@type\":\"WebSite\",\"@id\":\"https:\/\/stock-konstruktion.info\/#website\",\"url\":\"https:\/\/stock-konstruktion.info\/\",\"name\":\"Stock Konstruktion GmbH\",\"description\":\"Optikmaschinen f\u00fcr die Industrie\",\"publisher\":{\"@id\":\"https:\/\/stock-konstruktion.info\/#organization\"},\"potentialAction\":[{\"@type\":\"SearchAction\",\"target\":{\"@type\":\"EntryPoint\",\"urlTemplate\":\"https:\/\/stock-konstruktion.info\/?s={search_term_string}\"},\"query-input\":{\"@type\":\"PropertyValueSpecification\",\"valueRequired\":true,\"valueName\":\"search_term_string\"}}],\"inLanguage\":\"fr-FR\"},{\"@type\":\"Organization\",\"@id\":\"https:\/\/stock-konstruktion.info\/#organization\",\"name\":\"Stock konstruktion GmbH\",\"url\":\"https:\/\/stock-konstruktion.info\/\",\"logo\":{\"@type\":\"ImageObject\",\"inLanguage\":\"fr-FR\",\"@id\":\"https:\/\/stock-konstruktion.info\/#\/schema\/logo\/image\/\",\"url\":\"https:\/\/stock-konstruktion.info\/wp-content\/uploads\/2014\/06\/stockkonstruktion.jpg\",\"contentUrl\":\"https:\/\/stock-konstruktion.info\/wp-content\/uploads\/2014\/06\/stockkonstruktion.jpg\",\"width\":600,\"height\":361,\"caption\":\"Stock konstruktion GmbH\"},\"image\":{\"@id\":\"https:\/\/stock-konstruktion.info\/#\/schema\/logo\/image\/\"},\"sameAs\":[\"https:\/\/www.facebook.com\/Stock-Konstruktion-GmbH-981292398643785\"]}]}<\/script>\n<!-- \/ Yoast SEO plugin. -->","yoast_head_json":{"title":"Mentions l\u00e9gales - Stock Konstruktion GmbH","robots":{"index":"index","follow":"follow","max-snippet":"max-snippet:-1","max-image-preview":"max-image-preview:large","max-video-preview":"max-video-preview:-1"},"canonical":"https:\/\/stock-konstruktion.info\/fr\/mentions-legales\/","og_locale":"fr_FR","og_type":"article","og_title":"Mentions l\u00e9gales - Stock Konstruktion GmbH","og_description":"Stock Konstruktion GmbH Machines d`optique \/\u00a0 Installations de nettoyage aux ultrasons Am Stollenbach 7-9 65623 Schiesheim-Zollhaus . Germany Tel:\u00a0 +49 (0) 6430 92391-0 Fax: +49 (0) 6430 92391-99 Num\u00e9ro d&#8217;identification fiscale: 30\/650\/1328\/3 La taxe de vente num\u00e9ro d&#8217;identit\u00e9: DE813639280 Enregistr\u00e9 au tribunal de district de Montabaur 6 HRB 7172 Directeur: Thomas M\u00fcnch Internet: www.stock-konstruktion.de E-Mail:...","og_url":"https:\/\/stock-konstruktion.info\/fr\/mentions-legales\/","og_site_name":"Stock Konstruktion GmbH","article_publisher":"https:\/\/www.facebook.com\/Stock-Konstruktion-GmbH-981292398643785","article_modified_time":"2020-04-21T12:16:06+00:00","twitter_card":"summary_large_image","schema":{"@context":"https:\/\/schema.org","@graph":[{"@type":"WebPage","@id":"https:\/\/stock-konstruktion.info\/fr\/mentions-legales\/","url":"https:\/\/stock-konstruktion.info\/fr\/mentions-legales\/","name":"Mentions l\u00e9gales - Stock Konstruktion GmbH","isPartOf":{"@id":"https:\/\/stock-konstruktion.info\/#website"},"datePublished":"2016-09-28T15:16:24+00:00","dateModified":"2020-04-21T12:16:06+00:00","breadcrumb":{"@id":"https:\/\/stock-konstruktion.info\/fr\/mentions-legales\/#breadcrumb"},"inLanguage":"fr-FR","potentialAction":[{"@type":"ReadAction","target":["https:\/\/stock-konstruktion.info\/fr\/mentions-legales\/"]}]},{"@type":"BreadcrumbList","@id":"https:\/\/stock-konstruktion.info\/fr\/mentions-legales\/#breadcrumb","itemListElement":[{"@type":"ListItem","position":1,"name":"Startseite","item":"https:\/\/stock-konstruktion.info\/fr\/"},{"@type":"ListItem","position":2,"name":"Mentions l\u00e9gales"}]},{"@type":"WebSite","@id":"https:\/\/stock-konstruktion.info\/#website","url":"https:\/\/stock-konstruktion.info\/","name":"Stock Konstruktion GmbH","description":"Optikmaschinen f\u00fcr die Industrie","publisher":{"@id":"https:\/\/stock-konstruktion.info\/#organization"},"potentialAction":[{"@type":"SearchAction","target":{"@type":"EntryPoint","urlTemplate":"https:\/\/stock-konstruktion.info\/?s={search_term_string}"},"query-input":{"@type":"PropertyValueSpecification","valueRequired":true,"valueName":"search_term_string"}}],"inLanguage":"fr-FR"},{"@type":"Organization","@id":"https:\/\/stock-konstruktion.info\/#organization","name":"Stock konstruktion GmbH","url":"https:\/\/stock-konstruktion.info\/","logo":{"@type":"ImageObject","inLanguage":"fr-FR","@id":"https:\/\/stock-konstruktion.info\/#\/schema\/logo\/image\/","url":"https:\/\/stock-konstruktion.info\/wp-content\/uploads\/2014\/06\/stockkonstruktion.jpg","contentUrl":"https:\/\/stock-konstruktion.info\/wp-content\/uploads\/2014\/06\/stockkonstruktion.jpg","width":600,"height":361,"caption":"Stock konstruktion GmbH"},"image":{"@id":"https:\/\/stock-konstruktion.info\/#\/schema\/logo\/image\/"},"sameAs":["https:\/\/www.facebook.com\/Stock-Konstruktion-GmbH-981292398643785"]}]}},"_links":{"self":[{"href":"https:\/\/stock-konstruktion.info\/fr\/wp-json\/wp\/v2\/pages\/7228","targetHints":{"allow":["GET"]}}],"collection":[{"href":"https:\/\/stock-konstruktion.info\/fr\/wp-json\/wp\/v2\/pages"}],"about":[{"href":"https:\/\/stock-konstruktion.info\/fr\/wp-json\/wp\/v2\/types\/page"}],"author":[{"embeddable":true,"href":"https:\/\/stock-konstruktion.info\/fr\/wp-json\/wp\/v2\/users\/1"}],"replies":[{"embeddable":true,"href":"https:\/\/stock-konstruktion.info\/fr\/wp-json\/wp\/v2\/comments?post=7228"}],"version-history":[{"count":2,"href":"https:\/\/stock-konstruktion.info\/fr\/wp-json\/wp\/v2\/pages\/7228\/revisions"}],"predecessor-version":[{"id":7794,"href":"https:\/\/stock-konstruktion.info\/fr\/wp-json\/wp\/v2\/pages\/7228\/revisions\/7794"}],"wp:attachment":[{"href":"https:\/\/stock-konstruktion.info\/fr\/wp-json\/wp\/v2\/media?parent=7228"}],"curies":[{"name":"wp","href":"https:\/\/api.w.org\/{rel}","templated":true}]}}